{"id":10,"date":"2023-10-31T00:24:28","date_gmt":"2023-10-30T23:24:28","guid":{"rendered":"http:\/\/www.restartcafe.sk\/?page_id=10"},"modified":"2025-04-14T17:01:02","modified_gmt":"2025-04-14T15:01:02","slug":"o-stranke","status":"publish","type":"page","link":"https:\/\/www.restartcafe.sk\/index.php\/o-stranke\/","title":{"rendered":"O N\u00e1s"},"content":{"rendered":"\n<p>Kaviarni\u010dka s detsk\u00fdm k\u00fatikom. Oddychuj pri k\u00e1vi\u010dke, bubble wafli, limon\u00e1de a dokonale sa re\u0161tartuj. Pon\u00fakame aj zna\u010dkov\u00fd alkohol a drinky. Mo\u017enos\u0165 pren\u00e1jmu pre firemn\u00e9 akcie, stretnutia, rozl\u00fa\u010dky so slobodou, narodeninov\u00e9 oslavy, kary, prv\u00e9 sv. prij\u00edmania. Vieme zabezpe\u010di\u0165 v\u00fdzdobu aj catering pod\u013ea Va\u0161ich prian\u00ed. <\/p>\n\n\n\n<figure class=\"wp-block-image size-full\"><img loading=\"lazy\" decoding=\"async\" width=\"250\" height=\"250\" src=\"https:\/\/www.restartcafe.sk\/wp-content\/uploads\/2024\/02\/cropped-352560143_248666651106372_949789943028045419_n.jpg\" alt=\"\" class=\"wp-image-46\" srcset=\"https:\/\/www.restartcafe.sk\/wp-content\/uploads\/2024\/02\/cropped-352560143_248666651106372_949789943028045419_n.jpg 250w, https:\/\/www.restartcafe.sk\/wp-content\/uploads\/2024\/02\/cropped-352560143_248666651106372_949789943028045419_n-150x150.jpg 150w, https:\/\/www.restartcafe.sk\/wp-content\/uploads\/2024\/02\/cropped-352560143_248666651106372_949789943028045419_n-100x100.jpg 100w\" sizes=\"auto, (max-width: 250px) 100vw, 250px\" \/><\/figure>\n","protected":false},"excerpt":{"rendered":"<p>Kaviarni\u010dka s detsk\u00fdm k\u00fatikom. Oddychuj pri k\u00e1vi\u010dke, bubble wafli, limon\u00e1de a dokonale sa re\u0161tartuj. Pon\u00fakame aj zna\u010dkov\u00fd alkohol a drinky. Mo\u017enos\u0165 pren\u00e1jmu pre firemn\u00e9 akcie, stretnutia, rozl\u00fa\u010dky so slobodou, narodeninov\u00e9 oslavy, kary, prv\u00e9 sv. prij\u00edmania. Vieme zabezpe\u010di\u0165 v\u00fdzdobu aj catering pod\u013ea Va\u0161ich prian\u00ed.<\/p>\n","protected":false},"author":1,"featured_media":248,"parent":0,"menu_order":0,"comment_status":"closed","ping_status":"closed","template":"","meta":{"footnotes":""},"class_list":["post-10","page","type-page","status-publish","has-post-thumbnail","hentry"],"yoast_head":"<!-- This site is optimized with the Yoast SEO plugin v26.6 - https:\/\/yoast.com\/wordpress\/plugins\/seo\/ -->\n<title>O N\u00e1s - Restart Caff\u00e9 KVP<\/title>\n<meta name=\"robots\" content=\"index, follow, max-snippet:-1, max-image-preview:large, max-video-preview:-1\" \/>\n<link rel=\"canonical\" href=\"https:\/\/www.restartcafe.sk\/index.php\/o-stranke\/\" \/>\n<meta property=\"og:locale\" content=\"sk_SK\" \/>\n<meta property=\"og:type\" content=\"article\" \/>\n<meta property=\"og:title\" content=\"O N\u00e1s - Restart Caff\u00e9 KVP\" \/>\n<meta property=\"og:description\" content=\"Kaviarni\u010dka s detsk\u00fdm k\u00fatikom. Oddychuj pri k\u00e1vi\u010dke, bubble wafli, limon\u00e1de a dokonale sa re\u0161tartuj. Pon\u00fakame aj zna\u010dkov\u00fd alkohol a drinky. Mo\u017enos\u0165 pren\u00e1jmu pre firemn\u00e9 akcie, stretnutia, rozl\u00fa\u010dky so slobodou, narodeninov\u00e9 oslavy, kary, prv\u00e9 sv. prij\u00edmania. Vieme zabezpe\u010di\u0165 v\u00fdzdobu aj catering pod\u013ea Va\u0161ich prian\u00ed.\" \/>\n<meta property=\"og:url\" content=\"https:\/\/www.restartcafe.sk\/index.php\/o-stranke\/\" \/>\n<meta property=\"og:site_name\" content=\"Restart Caff\u00e9 KVP\" \/>\n<meta property=\"article:publisher\" content=\"https:\/\/www.facebook.com\/restartkvp\" \/>\n<meta property=\"article:modified_time\" content=\"2025-04-14T15:01:02+00:00\" \/>\n<meta property=\"og:image\" content=\"https:\/\/www.restartcafe.sk\/wp-content\/uploads\/2024\/03\/cropped-IMG_8614-scaled-1.jpeg\" \/>\n\t<meta property=\"og:image:width\" content=\"2000\" \/>\n\t<meta property=\"og:image:height\" content=\"2106\" \/>\n\t<meta property=\"og:image:type\" content=\"image\/jpeg\" \/>\n<meta name=\"twitter:card\" content=\"summary_large_image\" \/>\n<meta name=\"twitter:label1\" content=\"Predpokladan\u00fd \u010das \u010d\u00edtania\" \/>\n\t<meta name=\"twitter:data1\" content=\"1 min\u00fata\" \/>\n<script type=\"application\/ld+json\" class=\"yoast-schema-graph\">{\"@context\":\"https:\/\/schema.org\",\"@graph\":[{\"@type\":\"WebPage\",\"@id\":\"https:\/\/www.restartcafe.sk\/index.php\/o-stranke\/\",\"url\":\"https:\/\/www.restartcafe.sk\/index.php\/o-stranke\/\",\"name\":\"O N\u00e1s - Restart Caff\u00e9 KVP\",\"isPartOf\":{\"@id\":\"https:\/\/www.restartcafe.sk\/#website\"},\"primaryImageOfPage\":{\"@id\":\"https:\/\/www.restartcafe.sk\/index.php\/o-stranke\/#primaryimage\"},\"image\":{\"@id\":\"https:\/\/www.restartcafe.sk\/index.php\/o-stranke\/#primaryimage\"},\"thumbnailUrl\":\"https:\/\/www.restartcafe.sk\/wp-content\/uploads\/2024\/03\/cropped-IMG_8614-scaled-1.jpeg\",\"datePublished\":\"2023-10-30T23:24:28+00:00\",\"dateModified\":\"2025-04-14T15:01:02+00:00\",\"breadcrumb\":{\"@id\":\"https:\/\/www.restartcafe.sk\/index.php\/o-stranke\/#breadcrumb\"},\"inLanguage\":\"sk-SK\",\"potentialAction\":[{\"@type\":\"ReadAction\",\"target\":[\"https:\/\/www.restartcafe.sk\/index.php\/o-stranke\/\"]}]},{\"@type\":\"ImageObject\",\"inLanguage\":\"sk-SK\",\"@id\":\"https:\/\/www.restartcafe.sk\/index.php\/o-stranke\/#primaryimage\",\"url\":\"https:\/\/www.restartcafe.sk\/wp-content\/uploads\/2024\/03\/cropped-IMG_8614-scaled-1.jpeg\",\"contentUrl\":\"https:\/\/www.restartcafe.sk\/wp-content\/uploads\/2024\/03\/cropped-IMG_8614-scaled-1.jpeg\",\"width\":2000,\"height\":2106},{\"@type\":\"BreadcrumbList\",\"@id\":\"https:\/\/www.restartcafe.sk\/index.php\/o-stranke\/#breadcrumb\",\"itemListElement\":[{\"@type\":\"ListItem\",\"position\":1,\"name\":\"Domovsk\u00e1 str\u00e1nka\",\"item\":\"https:\/\/www.restartcafe.sk\/\"},{\"@type\":\"ListItem\",\"position\":2,\"name\":\"O N\u00e1s\"}]},{\"@type\":\"WebSite\",\"@id\":\"https:\/\/www.restartcafe.sk\/#website\",\"url\":\"https:\/\/www.restartcafe.sk\/\",\"name\":\"Restart Caff\u00e9 KVP\",\"description\":\"Vitajte v Restart Caff\u00e9 KVP\",\"publisher\":{\"@id\":\"https:\/\/www.restartcafe.sk\/#organization\"},\"potentialAction\":[{\"@type\":\"SearchAction\",\"target\":{\"@type\":\"EntryPoint\",\"urlTemplate\":\"https:\/\/www.restartcafe.sk\/?s={search_term_string}\"},\"query-input\":{\"@type\":\"PropertyValueSpecification\",\"valueRequired\":true,\"valueName\":\"search_term_string\"}}],\"inLanguage\":\"sk-SK\"},{\"@type\":\"Organization\",\"@id\":\"https:\/\/www.restartcafe.sk\/#organization\",\"name\":\"Restart Caff\u00e9 KVP\",\"url\":\"https:\/\/www.restartcafe.sk\/\",\"logo\":{\"@type\":\"ImageObject\",\"inLanguage\":\"sk-SK\",\"@id\":\"https:\/\/www.restartcafe.sk\/#\/schema\/logo\/image\/\",\"url\":\"https:\/\/www.restartcafe.sk\/wp-content\/uploads\/2024\/02\/cropped-352560143_248666651106372_949789943028045419_n.jpg\",\"contentUrl\":\"https:\/\/www.restartcafe.sk\/wp-content\/uploads\/2024\/02\/cropped-352560143_248666651106372_949789943028045419_n.jpg\",\"width\":250,\"height\":250,\"caption\":\"Restart Caff\u00e9 KVP\"},\"image\":{\"@id\":\"https:\/\/www.restartcafe.sk\/#\/schema\/logo\/image\/\"},\"sameAs\":[\"https:\/\/www.facebook.com\/restartkvp\"]}]}<\/script>\n<!-- \/ Yoast SEO plugin. -->","yoast_head_json":{"title":"O N\u00e1s - Restart Caff\u00e9 KVP","robots":{"index":"index","follow":"follow","max-snippet":"max-snippet:-1","max-image-preview":"max-image-preview:large","max-video-preview":"max-video-preview:-1"},"canonical":"https:\/\/www.restartcafe.sk\/index.php\/o-stranke\/","og_locale":"sk_SK","og_type":"article","og_title":"O N\u00e1s - Restart Caff\u00e9 KVP","og_description":"Kaviarni\u010dka s detsk\u00fdm k\u00fatikom. Oddychuj pri k\u00e1vi\u010dke, bubble wafli, limon\u00e1de a dokonale sa re\u0161tartuj. Pon\u00fakame aj zna\u010dkov\u00fd alkohol a drinky. Mo\u017enos\u0165 pren\u00e1jmu pre firemn\u00e9 akcie, stretnutia, rozl\u00fa\u010dky so slobodou, narodeninov\u00e9 oslavy, kary, prv\u00e9 sv. prij\u00edmania. Vieme zabezpe\u010di\u0165 v\u00fdzdobu aj catering pod\u013ea Va\u0161ich prian\u00ed.","og_url":"https:\/\/www.restartcafe.sk\/index.php\/o-stranke\/","og_site_name":"Restart Caff\u00e9 KVP","article_publisher":"https:\/\/www.facebook.com\/restartkvp","article_modified_time":"2025-04-14T15:01:02+00:00","og_image":[{"width":2000,"height":2106,"url":"https:\/\/www.restartcafe.sk\/wp-content\/uploads\/2024\/03\/cropped-IMG_8614-scaled-1.jpeg","type":"image\/jpeg"}],"twitter_card":"summary_large_image","twitter_misc":{"Predpokladan\u00fd \u010das \u010d\u00edtania":"1 min\u00fata"},"schema":{"@context":"https:\/\/schema.org","@graph":[{"@type":"WebPage","@id":"https:\/\/www.restartcafe.sk\/index.php\/o-stranke\/","url":"https:\/\/www.restartcafe.sk\/index.php\/o-stranke\/","name":"O N\u00e1s - Restart Caff\u00e9 KVP","isPartOf":{"@id":"https:\/\/www.restartcafe.sk\/#website"},"primaryImageOfPage":{"@id":"https:\/\/www.restartcafe.sk\/index.php\/o-stranke\/#primaryimage"},"image":{"@id":"https:\/\/www.restartcafe.sk\/index.php\/o-stranke\/#primaryimage"},"thumbnailUrl":"https:\/\/www.restartcafe.sk\/wp-content\/uploads\/2024\/03\/cropped-IMG_8614-scaled-1.jpeg","datePublished":"2023-10-30T23:24:28+00:00","dateModified":"2025-04-14T15:01:02+00:00","breadcrumb":{"@id":"https:\/\/www.restartcafe.sk\/index.php\/o-stranke\/#breadcrumb"},"inLanguage":"sk-SK","potentialAction":[{"@type":"ReadAction","target":["https:\/\/www.restartcafe.sk\/index.php\/o-stranke\/"]}]},{"@type":"ImageObject","inLanguage":"sk-SK","@id":"https:\/\/www.restartcafe.sk\/index.php\/o-stranke\/#primaryimage","url":"https:\/\/www.restartcafe.sk\/wp-content\/uploads\/2024\/03\/cropped-IMG_8614-scaled-1.jpeg","contentUrl":"https:\/\/www.restartcafe.sk\/wp-content\/uploads\/2024\/03\/cropped-IMG_8614-scaled-1.jpeg","width":2000,"height":2106},{"@type":"BreadcrumbList","@id":"https:\/\/www.restartcafe.sk\/index.php\/o-stranke\/#breadcrumb","itemListElement":[{"@type":"ListItem","position":1,"name":"Domovsk\u00e1 str\u00e1nka","item":"https:\/\/www.restartcafe.sk\/"},{"@type":"ListItem","position":2,"name":"O N\u00e1s"}]},{"@type":"WebSite","@id":"https:\/\/www.restartcafe.sk\/#website","url":"https:\/\/www.restartcafe.sk\/","name":"Restart Caff\u00e9 KVP","description":"Vitajte v Restart Caff\u00e9 KVP","publisher":{"@id":"https:\/\/www.restartcafe.sk\/#organization"},"potentialAction":[{"@type":"SearchAction","target":{"@type":"EntryPoint","urlTemplate":"https:\/\/www.restartcafe.sk\/?s={search_term_string}"},"query-input":{"@type":"PropertyValueSpecification","valueRequired":true,"valueName":"search_term_string"}}],"inLanguage":"sk-SK"},{"@type":"Organization","@id":"https:\/\/www.restartcafe.sk\/#organization","name":"Restart Caff\u00e9 KVP","url":"https:\/\/www.restartcafe.sk\/","logo":{"@type":"ImageObject","inLanguage":"sk-SK","@id":"https:\/\/www.restartcafe.sk\/#\/schema\/logo\/image\/","url":"https:\/\/www.restartcafe.sk\/wp-content\/uploads\/2024\/02\/cropped-352560143_248666651106372_949789943028045419_n.jpg","contentUrl":"https:\/\/www.restartcafe.sk\/wp-content\/uploads\/2024\/02\/cropped-352560143_248666651106372_949789943028045419_n.jpg","width":250,"height":250,"caption":"Restart Caff\u00e9 KVP"},"image":{"@id":"https:\/\/www.restartcafe.sk\/#\/schema\/logo\/image\/"},"sameAs":["https:\/\/www.facebook.com\/restartkvp"]}]}},"_links":{"self":[{"href":"https:\/\/www.restartcafe.sk\/index.php\/wp-json\/wp\/v2\/pages\/10","targetHints":{"allow":["GET"]}}],"collection":[{"href":"https:\/\/www.restartcafe.sk\/index.php\/wp-json\/wp\/v2\/pages"}],"about":[{"href":"https:\/\/www.restartcafe.sk\/index.php\/wp-json\/wp\/v2\/types\/page"}],"author":[{"embeddable":true,"href":"https:\/\/www.restartcafe.sk\/index.php\/wp-json\/wp\/v2\/users\/1"}],"replies":[{"embeddable":true,"href":"https:\/\/www.restartcafe.sk\/index.php\/wp-json\/wp\/v2\/comments?post=10"}],"version-history":[{"count":5,"href":"https:\/\/www.restartcafe.sk\/index.php\/wp-json\/wp\/v2\/pages\/10\/revisions"}],"predecessor-version":[{"id":102,"href":"https:\/\/www.restartcafe.sk\/index.php\/wp-json\/wp\/v2\/pages\/10\/revisions\/102"}],"wp:featuredmedia":[{"embeddable":true,"href":"https:\/\/www.restartcafe.sk\/index.php\/wp-json\/wp\/v2\/media\/248"}],"wp:attachment":[{"href":"https:\/\/www.restartcafe.sk\/index.php\/wp-json\/wp\/v2\/media?parent=10"}],"curies":[{"name":"wp","href":"https:\/\/api.w.org\/{rel}","templated":true}]}}