{"id":184,"date":"2024-03-02T21:56:00","date_gmt":"2024-03-02T20:56:00","guid":{"rendered":"https:\/\/www.restartcafe.sk\/?page_id=184"},"modified":"2024-03-21T18:10:34","modified_gmt":"2024-03-21T17:10:34","slug":"fotogaleria","status":"publish","type":"page","link":"https:\/\/www.restartcafe.sk\/index.php\/fotogaleria\/","title":{"rendered":"Fotogaleria"},"content":{"rendered":"\n<figure class=\"wp-block-image size-large\"><img loading=\"lazy\" decoding=\"async\" width=\"1024\" height=\"768\" src=\"https:\/\/www.restartcafe.sk\/wp-content\/uploads\/2024\/02\/20240225_093031-1024x768.jpg\" alt=\"\" class=\"wp-image-116\" srcset=\"https:\/\/www.restartcafe.sk\/wp-content\/uploads\/2024\/02\/20240225_093031-1024x768.jpg 1024w, https:\/\/www.restartcafe.sk\/wp-content\/uploads\/2024\/02\/20240225_093031-300x225.jpg 300w, https:\/\/www.restartcafe.sk\/wp-content\/uploads\/2024\/02\/20240225_093031-768x576.jpg 768w, https:\/\/www.restartcafe.sk\/wp-content\/uploads\/2024\/02\/20240225_093031-1536x1152.jpg 1536w, https:\/\/www.restartcafe.sk\/wp-content\/uploads\/2024\/02\/20240225_093031-2048x1536.jpg 2048w\" sizes=\"auto, (max-width: 767px) 89vw, (max-width: 1000px) 54vw, (max-width: 1071px) 543px, 580px\" \/><\/figure>\n\n\n\n<figure class=\"wp-block-image size-large\"><img loading=\"lazy\" decoding=\"async\" width=\"1024\" height=\"768\" src=\"https:\/\/www.restartcafe.sk\/wp-content\/uploads\/2024\/02\/20240225_093047-1024x768.jpg\" alt=\"\" class=\"wp-image-117\" srcset=\"https:\/\/www.restartcafe.sk\/wp-content\/uploads\/2024\/02\/20240225_093047-1024x768.jpg 1024w, https:\/\/www.restartcafe.sk\/wp-content\/uploads\/2024\/02\/20240225_093047-300x225.jpg 300w, https:\/\/www.restartcafe.sk\/wp-content\/uploads\/2024\/02\/20240225_093047-768x576.jpg 768w, https:\/\/www.restartcafe.sk\/wp-content\/uploads\/2024\/02\/20240225_093047-1536x1152.jpg 1536w, https:\/\/www.restartcafe.sk\/wp-content\/uploads\/2024\/02\/20240225_093047-2048x1536.jpg 2048w\" sizes=\"auto, (max-width: 767px) 89vw, (max-width: 1000px) 54vw, (max-width: 1071px) 543px, 580px\" \/><\/figure>\n\n\n\n<figure class=\"wp-block-image size-large is-resized\"><img loading=\"lazy\" decoding=\"async\" width=\"768\" height=\"1024\" src=\"https:\/\/www.restartcafe.sk\/wp-content\/uploads\/2024\/02\/20240225_093103-768x1024.jpg\" alt=\"\" class=\"wp-image-118\" style=\"width:674px;height:auto\" srcset=\"https:\/\/www.restartcafe.sk\/wp-content\/uploads\/2024\/02\/20240225_093103-768x1024.jpg 768w, https:\/\/www.restartcafe.sk\/wp-content\/uploads\/2024\/02\/20240225_093103-225x300.jpg 225w, https:\/\/www.restartcafe.sk\/wp-content\/uploads\/2024\/02\/20240225_093103-1152x1536.jpg 1152w, https:\/\/www.restartcafe.sk\/wp-content\/uploads\/2024\/02\/20240225_093103-1536x2048.jpg 1536w, https:\/\/www.restartcafe.sk\/wp-content\/uploads\/2024\/02\/20240225_093103-scaled.jpg 1920w\" sizes=\"auto, (max-width: 767px) 89vw, (max-width: 1000px) 54vw, (max-width: 1071px) 543px, 580px\" \/><\/figure>\n\n\n\n<figure class=\"wp-block-image size-large\"><img loading=\"lazy\" decoding=\"async\" width=\"768\" height=\"1024\" src=\"https:\/\/www.restartcafe.sk\/wp-content\/uploads\/2024\/03\/354611871_252452874061083_4369841168259404400_n-768x1024.jpg\" alt=\"\" class=\"wp-image-183\" srcset=\"https:\/\/www.restartcafe.sk\/wp-content\/uploads\/2024\/03\/354611871_252452874061083_4369841168259404400_n-768x1024.jpg 768w, https:\/\/www.restartcafe.sk\/wp-content\/uploads\/2024\/03\/354611871_252452874061083_4369841168259404400_n-225x300.jpg 225w, https:\/\/www.restartcafe.sk\/wp-content\/uploads\/2024\/03\/354611871_252452874061083_4369841168259404400_n-1152x1536.jpg 1152w, https:\/\/www.restartcafe.sk\/wp-content\/uploads\/2024\/03\/354611871_252452874061083_4369841168259404400_n.jpg 1536w\" sizes=\"auto, (max-width: 767px) 89vw, (max-width: 1000px) 54vw, (max-width: 1071px) 543px, 580px\" \/><\/figure>\n\n\n\n<figure class=\"wp-block-image size-large\"><img loading=\"lazy\" decoding=\"async\" width=\"768\" height=\"1024\" src=\"https:\/\/www.restartcafe.sk\/wp-content\/uploads\/2024\/03\/367718981_284612294178474_3536444376327376863_n-768x1024.jpg\" alt=\"\" class=\"wp-image-181\" srcset=\"https:\/\/www.restartcafe.sk\/wp-content\/uploads\/2024\/03\/367718981_284612294178474_3536444376327376863_n-768x1024.jpg 768w, https:\/\/www.restartcafe.sk\/wp-content\/uploads\/2024\/03\/367718981_284612294178474_3536444376327376863_n-225x300.jpg 225w, https:\/\/www.restartcafe.sk\/wp-content\/uploads\/2024\/03\/367718981_284612294178474_3536444376327376863_n-1152x1536.jpg 1152w, https:\/\/www.restartcafe.sk\/wp-content\/uploads\/2024\/03\/367718981_284612294178474_3536444376327376863_n.jpg 1536w\" sizes=\"auto, (max-width: 767px) 89vw, (max-width: 1000px) 54vw, (max-width: 1071px) 543px, 580px\" \/><\/figure>\n\n\n\n<figure class=\"wp-block-image size-large\"><img loading=\"lazy\" decoding=\"async\" width=\"768\" height=\"1024\" src=\"https:\/\/www.restartcafe.sk\/wp-content\/uploads\/2024\/03\/367718789_284612264178477_4382991639537168753_n-768x1024.jpg\" alt=\"\" class=\"wp-image-180\" srcset=\"https:\/\/www.restartcafe.sk\/wp-content\/uploads\/2024\/03\/367718789_284612264178477_4382991639537168753_n-768x1024.jpg 768w, https:\/\/www.restartcafe.sk\/wp-content\/uploads\/2024\/03\/367718789_284612264178477_4382991639537168753_n-225x300.jpg 225w, https:\/\/www.restartcafe.sk\/wp-content\/uploads\/2024\/03\/367718789_284612264178477_4382991639537168753_n-1152x1536.jpg 1152w, https:\/\/www.restartcafe.sk\/wp-content\/uploads\/2024\/03\/367718789_284612264178477_4382991639537168753_n.jpg 1536w\" sizes=\"auto, (max-width: 767px) 89vw, (max-width: 1000px) 54vw, (max-width: 1071px) 543px, 580px\" \/><\/figure>\n\n\n\n<figure class=\"wp-block-image size-full\"><img loading=\"lazy\" decoding=\"async\" width=\"960\" height=\"720\" src=\"https:\/\/www.restartcafe.sk\/wp-content\/uploads\/2024\/03\/354460422_252444730728564_450282817571172723_n.jpg\" alt=\"\" class=\"wp-image-182\" srcset=\"https:\/\/www.restartcafe.sk\/wp-content\/uploads\/2024\/03\/354460422_252444730728564_450282817571172723_n.jpg 960w, https:\/\/www.restartcafe.sk\/wp-content\/uploads\/2024\/03\/354460422_252444730728564_450282817571172723_n-300x225.jpg 300w, https:\/\/www.restartcafe.sk\/wp-content\/uploads\/2024\/03\/354460422_252444730728564_450282817571172723_n-768x576.jpg 768w\" sizes=\"auto, (max-width: 767px) 89vw, (max-width: 1000px) 54vw, (max-width: 1071px) 543px, 580px\" \/><\/figure>\n","protected":false},"excerpt":{"rendered":"","protected":false},"author":1,"featured_media":0,"parent":0,"menu_order":0,"comment_status":"closed","ping_status":"closed","template":"","meta":{"footnotes":""},"class_list":["post-184","page","type-page","status-publish","hentry"],"yoast_head":"<!-- This site is optimized with the Yoast SEO plugin v26.6 - https:\/\/yoast.com\/wordpress\/plugins\/seo\/ -->\n<title>Fotogaleria - Restart Caff\u00e9 KVP<\/title>\n<meta name=\"robots\" content=\"index, follow, max-snippet:-1, max-image-preview:large, max-video-preview:-1\" \/>\n<link rel=\"canonical\" href=\"https:\/\/www.restartcafe.sk\/index.php\/fotogaleria\/\" \/>\n<meta property=\"og:locale\" content=\"sk_SK\" \/>\n<meta property=\"og:type\" content=\"article\" \/>\n<meta property=\"og:title\" content=\"Fotogaleria - Restart Caff\u00e9 KVP\" \/>\n<meta property=\"og:url\" content=\"https:\/\/www.restartcafe.sk\/index.php\/fotogaleria\/\" \/>\n<meta property=\"og:site_name\" content=\"Restart Caff\u00e9 KVP\" \/>\n<meta property=\"article:publisher\" content=\"https:\/\/www.facebook.com\/restartkvp\" \/>\n<meta property=\"article:modified_time\" content=\"2024-03-21T17:10:34+00:00\" \/>\n<meta property=\"og:image\" content=\"https:\/\/www.restartcafe.sk\/wp-content\/uploads\/2024\/02\/20240225_093031-1024x768.jpg\" \/>\n<meta name=\"twitter:card\" content=\"summary_large_image\" \/>\n<meta name=\"twitter:label1\" content=\"Predpokladan\u00fd \u010das \u010d\u00edtania\" \/>\n\t<meta name=\"twitter:data1\" content=\"2 min\u00faty\" \/>\n<script type=\"application\/ld+json\" class=\"yoast-schema-graph\">{\"@context\":\"https:\/\/schema.org\",\"@graph\":[{\"@type\":\"WebPage\",\"@id\":\"https:\/\/www.restartcafe.sk\/index.php\/fotogaleria\/\",\"url\":\"https:\/\/www.restartcafe.sk\/index.php\/fotogaleria\/\",\"name\":\"Fotogaleria - Restart Caff\u00e9 KVP\",\"isPartOf\":{\"@id\":\"https:\/\/www.restartcafe.sk\/#website\"},\"primaryImageOfPage\":{\"@id\":\"https:\/\/www.restartcafe.sk\/index.php\/fotogaleria\/#primaryimage\"},\"image\":{\"@id\":\"https:\/\/www.restartcafe.sk\/index.php\/fotogaleria\/#primaryimage\"},\"thumbnailUrl\":\"https:\/\/www.restartcafe.sk\/wp-content\/uploads\/2024\/02\/20240225_093031-1024x768.jpg\",\"datePublished\":\"2024-03-02T20:56:00+00:00\",\"dateModified\":\"2024-03-21T17:10:34+00:00\",\"breadcrumb\":{\"@id\":\"https:\/\/www.restartcafe.sk\/index.php\/fotogaleria\/#breadcrumb\"},\"inLanguage\":\"sk-SK\",\"potentialAction\":[{\"@type\":\"ReadAction\",\"target\":[\"https:\/\/www.restartcafe.sk\/index.php\/fotogaleria\/\"]}]},{\"@type\":\"ImageObject\",\"inLanguage\":\"sk-SK\",\"@id\":\"https:\/\/www.restartcafe.sk\/index.php\/fotogaleria\/#primaryimage\",\"url\":\"https:\/\/www.restartcafe.sk\/wp-content\/uploads\/2024\/02\/20240225_093031-scaled.jpg\",\"contentUrl\":\"https:\/\/www.restartcafe.sk\/wp-content\/uploads\/2024\/02\/20240225_093031-scaled.jpg\",\"width\":2560,\"height\":1920},{\"@type\":\"BreadcrumbList\",\"@id\":\"https:\/\/www.restartcafe.sk\/index.php\/fotogaleria\/#breadcrumb\",\"itemListElement\":[{\"@type\":\"ListItem\",\"position\":1,\"name\":\"Domovsk\u00e1 str\u00e1nka\",\"item\":\"https:\/\/www.restartcafe.sk\/\"},{\"@type\":\"ListItem\",\"position\":2,\"name\":\"Fotogaleria\"}]},{\"@type\":\"WebSite\",\"@id\":\"https:\/\/www.restartcafe.sk\/#website\",\"url\":\"https:\/\/www.restartcafe.sk\/\",\"name\":\"Restart Caff\u00e9 KVP\",\"description\":\"Vitajte v Restart Caff\u00e9 KVP\",\"publisher\":{\"@id\":\"https:\/\/www.restartcafe.sk\/#organization\"},\"potentialAction\":[{\"@type\":\"SearchAction\",\"target\":{\"@type\":\"EntryPoint\",\"urlTemplate\":\"https:\/\/www.restartcafe.sk\/?s={search_term_string}\"},\"query-input\":{\"@type\":\"PropertyValueSpecification\",\"valueRequired\":true,\"valueName\":\"search_term_string\"}}],\"inLanguage\":\"sk-SK\"},{\"@type\":\"Organization\",\"@id\":\"https:\/\/www.restartcafe.sk\/#organization\",\"name\":\"Restart Caff\u00e9 KVP\",\"url\":\"https:\/\/www.restartcafe.sk\/\",\"logo\":{\"@type\":\"ImageObject\",\"inLanguage\":\"sk-SK\",\"@id\":\"https:\/\/www.restartcafe.sk\/#\/schema\/logo\/image\/\",\"url\":\"https:\/\/www.restartcafe.sk\/wp-content\/uploads\/2024\/02\/cropped-352560143_248666651106372_949789943028045419_n.jpg\",\"contentUrl\":\"https:\/\/www.restartcafe.sk\/wp-content\/uploads\/2024\/02\/cropped-352560143_248666651106372_949789943028045419_n.jpg\",\"width\":250,\"height\":250,\"caption\":\"Restart Caff\u00e9 KVP\"},\"image\":{\"@id\":\"https:\/\/www.restartcafe.sk\/#\/schema\/logo\/image\/\"},\"sameAs\":[\"https:\/\/www.facebook.com\/restartkvp\"]}]}<\/script>\n<!-- \/ Yoast SEO plugin. -->","yoast_head_json":{"title":"Fotogaleria - Restart Caff\u00e9 KVP","robots":{"index":"index","follow":"follow","max-snippet":"max-snippet:-1","max-image-preview":"max-image-preview:large","max-video-preview":"max-video-preview:-1"},"canonical":"https:\/\/www.restartcafe.sk\/index.php\/fotogaleria\/","og_locale":"sk_SK","og_type":"article","og_title":"Fotogaleria - Restart Caff\u00e9 KVP","og_url":"https:\/\/www.restartcafe.sk\/index.php\/fotogaleria\/","og_site_name":"Restart Caff\u00e9 KVP","article_publisher":"https:\/\/www.facebook.com\/restartkvp","article_modified_time":"2024-03-21T17:10:34+00:00","og_image":[{"url":"https:\/\/www.restartcafe.sk\/wp-content\/uploads\/2024\/02\/20240225_093031-1024x768.jpg","type":"","width":"","height":""}],"twitter_card":"summary_large_image","twitter_misc":{"Predpokladan\u00fd \u010das \u010d\u00edtania":"2 min\u00faty"},"schema":{"@context":"https:\/\/schema.org","@graph":[{"@type":"WebPage","@id":"https:\/\/www.restartcafe.sk\/index.php\/fotogaleria\/","url":"https:\/\/www.restartcafe.sk\/index.php\/fotogaleria\/","name":"Fotogaleria - Restart Caff\u00e9 KVP","isPartOf":{"@id":"https:\/\/www.restartcafe.sk\/#website"},"primaryImageOfPage":{"@id":"https:\/\/www.restartcafe.sk\/index.php\/fotogaleria\/#primaryimage"},"image":{"@id":"https:\/\/www.restartcafe.sk\/index.php\/fotogaleria\/#primaryimage"},"thumbnailUrl":"https:\/\/www.restartcafe.sk\/wp-content\/uploads\/2024\/02\/20240225_093031-1024x768.jpg","datePublished":"2024-03-02T20:56:00+00:00","dateModified":"2024-03-21T17:10:34+00:00","breadcrumb":{"@id":"https:\/\/www.restartcafe.sk\/index.php\/fotogaleria\/#breadcrumb"},"inLanguage":"sk-SK","potentialAction":[{"@type":"ReadAction","target":["https:\/\/www.restartcafe.sk\/index.php\/fotogaleria\/"]}]},{"@type":"ImageObject","inLanguage":"sk-SK","@id":"https:\/\/www.restartcafe.sk\/index.php\/fotogaleria\/#primaryimage","url":"https:\/\/www.restartcafe.sk\/wp-content\/uploads\/2024\/02\/20240225_093031-scaled.jpg","contentUrl":"https:\/\/www.restartcafe.sk\/wp-content\/uploads\/2024\/02\/20240225_093031-scaled.jpg","width":2560,"height":1920},{"@type":"BreadcrumbList","@id":"https:\/\/www.restartcafe.sk\/index.php\/fotogaleria\/#breadcrumb","itemListElement":[{"@type":"ListItem","position":1,"name":"Domovsk\u00e1 str\u00e1nka","item":"https:\/\/www.restartcafe.sk\/"},{"@type":"ListItem","position":2,"name":"Fotogaleria"}]},{"@type":"WebSite","@id":"https:\/\/www.restartcafe.sk\/#website","url":"https:\/\/www.restartcafe.sk\/","name":"Restart Caff\u00e9 KVP","description":"Vitajte v Restart Caff\u00e9 KVP","publisher":{"@id":"https:\/\/www.restartcafe.sk\/#organization"},"potentialAction":[{"@type":"SearchAction","target":{"@type":"EntryPoint","urlTemplate":"https:\/\/www.restartcafe.sk\/?s={search_term_string}"},"query-input":{"@type":"PropertyValueSpecification","valueRequired":true,"valueName":"search_term_string"}}],"inLanguage":"sk-SK"},{"@type":"Organization","@id":"https:\/\/www.restartcafe.sk\/#organization","name":"Restart Caff\u00e9 KVP","url":"https:\/\/www.restartcafe.sk\/","logo":{"@type":"ImageObject","inLanguage":"sk-SK","@id":"https:\/\/www.restartcafe.sk\/#\/schema\/logo\/image\/","url":"https:\/\/www.restartcafe.sk\/wp-content\/uploads\/2024\/02\/cropped-352560143_248666651106372_949789943028045419_n.jpg","contentUrl":"https:\/\/www.restartcafe.sk\/wp-content\/uploads\/2024\/02\/cropped-352560143_248666651106372_949789943028045419_n.jpg","width":250,"height":250,"caption":"Restart Caff\u00e9 KVP"},"image":{"@id":"https:\/\/www.restartcafe.sk\/#\/schema\/logo\/image\/"},"sameAs":["https:\/\/www.facebook.com\/restartkvp"]}]}},"_links":{"self":[{"href":"https:\/\/www.restartcafe.sk\/index.php\/wp-json\/wp\/v2\/pages\/184","targetHints":{"allow":["GET"]}}],"collection":[{"href":"https:\/\/www.restartcafe.sk\/index.php\/wp-json\/wp\/v2\/pages"}],"about":[{"href":"https:\/\/www.restartcafe.sk\/index.php\/wp-json\/wp\/v2\/types\/page"}],"author":[{"embeddable":true,"href":"https:\/\/www.restartcafe.sk\/index.php\/wp-json\/wp\/v2\/users\/1"}],"replies":[{"embeddable":true,"href":"https:\/\/www.restartcafe.sk\/index.php\/wp-json\/wp\/v2\/comments?post=184"}],"version-history":[{"count":2,"href":"https:\/\/www.restartcafe.sk\/index.php\/wp-json\/wp\/v2\/pages\/184\/revisions"}],"predecessor-version":[{"id":253,"href":"https:\/\/www.restartcafe.sk\/index.php\/wp-json\/wp\/v2\/pages\/184\/revisions\/253"}],"wp:attachment":[{"href":"https:\/\/www.restartcafe.sk\/index.php\/wp-json\/wp\/v2\/media?parent=184"}],"curies":[{"name":"wp","href":"https:\/\/api.w.org\/{rel}","templated":true}]}}