{"id":9,"date":"2023-10-31T00:24:28","date_gmt":"2023-10-30T23:24:28","guid":{"rendered":"http:\/\/www.restartcafe.sk\/?page_id=9"},"modified":"2026-02-28T21:58:10","modified_gmt":"2026-02-28T20:58:10","slug":"uvodna-stranka","status":"publish","type":"page","link":"https:\/\/www.restartcafe.sk\/","title":{"rendered":"Restart Caff\u00e9 KVP"},"content":{"rendered":"\n<p><\/p>\n\n\n\n<p><\/p>\n\n\n\n<p>V\u00e1\u017een\u00ed z\u00e1kazn\u00edci.<\/p>\n\n\n\n<p>Oznamujeme na\u0161im z\u00e1kazn\u00edkom , \u017ee prev\u00e1dzka Restart Caffe moment\u00e1lne zatvoren\u00e1.<\/p>\n\n\n\n<p><\/p>\n","protected":false},"excerpt":{"rendered":"<p>V\u00e1\u017een\u00ed z\u00e1kazn\u00edci. Oznamujeme na\u0161im z\u00e1kazn\u00edkom , \u017ee prev\u00e1dzka Restart Caffe moment\u00e1lne zatvoren\u00e1.<\/p>\n","protected":false},"author":1,"featured_media":248,"parent":0,"menu_order":0,"comment_status":"closed","ping_status":"closed","template":"","meta":{"footnotes":""},"class_list":["post-9","page","type-page","status-publish","has-post-thumbnail","hentry"],"yoast_head":"<!-- This site is optimized with the Yoast SEO plugin v26.6 - https:\/\/yoast.com\/wordpress\/plugins\/seo\/ -->\n<title>Restart Caff\u00e9 KVP - Restart Caff\u00e9 KVP<\/title>\n<meta name=\"description\" content=\"restart caffe KVP, GLS parcel shop KVP\" \/>\n<meta name=\"robots\" content=\"index, follow, max-snippet:-1, max-image-preview:large, max-video-preview:-1\" \/>\n<link rel=\"canonical\" href=\"https:\/\/www.restartcafe.sk\/\" \/>\n<meta property=\"og:locale\" content=\"sk_SK\" \/>\n<meta property=\"og:type\" content=\"article\" \/>\n<meta property=\"og:title\" content=\"Restart Caff\u00e9 KVP - Restart Caff\u00e9 KVP\" \/>\n<meta property=\"og:description\" content=\"restart caffe KVP, GLS parcel shop KVP\" \/>\n<meta property=\"og:url\" content=\"https:\/\/www.restartcafe.sk\/\" \/>\n<meta property=\"og:site_name\" content=\"Restart Caff\u00e9 KVP\" \/>\n<meta property=\"article:publisher\" content=\"https:\/\/www.facebook.com\/restartkvp\" \/>\n<meta property=\"article:modified_time\" content=\"2026-02-28T20:58:10+00:00\" \/>\n<meta property=\"og:image\" content=\"https:\/\/www.restartcafe.sk\/wp-content\/uploads\/2024\/03\/cropped-IMG_8614-scaled-1.jpeg\" \/>\n\t<meta property=\"og:image:width\" content=\"2000\" \/>\n\t<meta property=\"og:image:height\" content=\"2106\" \/>\n\t<meta property=\"og:image:type\" content=\"image\/jpeg\" \/>\n<meta name=\"twitter:card\" content=\"summary_large_image\" \/>\n<meta name=\"twitter:label1\" content=\"Predpokladan\u00fd \u010das \u010d\u00edtania\" \/>\n\t<meta name=\"twitter:data1\" content=\"1 min\u00fata\" \/>\n<script type=\"application\/ld+json\" class=\"yoast-schema-graph\">{\"@context\":\"https:\/\/schema.org\",\"@graph\":[{\"@type\":\"WebPage\",\"@id\":\"https:\/\/www.restartcafe.sk\/\",\"url\":\"https:\/\/www.restartcafe.sk\/\",\"name\":\"Restart Caff\u00e9 KVP - Restart Caff\u00e9 KVP\",\"isPartOf\":{\"@id\":\"https:\/\/www.restartcafe.sk\/#website\"},\"primaryImageOfPage\":{\"@id\":\"https:\/\/www.restartcafe.sk\/#primaryimage\"},\"image\":{\"@id\":\"https:\/\/www.restartcafe.sk\/#primaryimage\"},\"thumbnailUrl\":\"https:\/\/www.restartcafe.sk\/wp-content\/uploads\/2024\/03\/cropped-IMG_8614-scaled-1.jpeg\",\"datePublished\":\"2023-10-30T23:24:28+00:00\",\"dateModified\":\"2026-02-28T20:58:10+00:00\",\"description\":\"restart caffe KVP, GLS parcel shop KVP\",\"breadcrumb\":{\"@id\":\"https:\/\/www.restartcafe.sk\/#breadcrumb\"},\"inLanguage\":\"sk-SK\",\"potentialAction\":[{\"@type\":\"ReadAction\",\"target\":[\"https:\/\/www.restartcafe.sk\/\"]}]},{\"@type\":\"ImageObject\",\"inLanguage\":\"sk-SK\",\"@id\":\"https:\/\/www.restartcafe.sk\/#primaryimage\",\"url\":\"https:\/\/www.restartcafe.sk\/wp-content\/uploads\/2024\/03\/cropped-IMG_8614-scaled-1.jpeg\",\"contentUrl\":\"https:\/\/www.restartcafe.sk\/wp-content\/uploads\/2024\/03\/cropped-IMG_8614-scaled-1.jpeg\",\"width\":2000,\"height\":2106},{\"@type\":\"BreadcrumbList\",\"@id\":\"https:\/\/www.restartcafe.sk\/#breadcrumb\",\"itemListElement\":[{\"@type\":\"ListItem\",\"position\":1,\"name\":\"Domovsk\u00e1 str\u00e1nka\",\"item\":\"https:\/\/www.restartcafe.sk\/\"},{\"@type\":\"ListItem\",\"position\":2,\"name\":\"Restart Caff\u00e9 KVP\"}]},{\"@type\":\"WebSite\",\"@id\":\"https:\/\/www.restartcafe.sk\/#website\",\"url\":\"https:\/\/www.restartcafe.sk\/\",\"name\":\"Restart Caff\u00e9 KVP\",\"description\":\"Vitajte v Restart Caff\u00e9 KVP\",\"publisher\":{\"@id\":\"https:\/\/www.restartcafe.sk\/#organization\"},\"potentialAction\":[{\"@type\":\"SearchAction\",\"target\":{\"@type\":\"EntryPoint\",\"urlTemplate\":\"https:\/\/www.restartcafe.sk\/?s={search_term_string}\"},\"query-input\":{\"@type\":\"PropertyValueSpecification\",\"valueRequired\":true,\"valueName\":\"search_term_string\"}}],\"inLanguage\":\"sk-SK\"},{\"@type\":\"Organization\",\"@id\":\"https:\/\/www.restartcafe.sk\/#organization\",\"name\":\"Restart Caff\u00e9 KVP\",\"url\":\"https:\/\/www.restartcafe.sk\/\",\"logo\":{\"@type\":\"ImageObject\",\"inLanguage\":\"sk-SK\",\"@id\":\"https:\/\/www.restartcafe.sk\/#\/schema\/logo\/image\/\",\"url\":\"https:\/\/www.restartcafe.sk\/wp-content\/uploads\/2024\/02\/cropped-352560143_248666651106372_949789943028045419_n.jpg\",\"contentUrl\":\"https:\/\/www.restartcafe.sk\/wp-content\/uploads\/2024\/02\/cropped-352560143_248666651106372_949789943028045419_n.jpg\",\"width\":250,\"height\":250,\"caption\":\"Restart Caff\u00e9 KVP\"},\"image\":{\"@id\":\"https:\/\/www.restartcafe.sk\/#\/schema\/logo\/image\/\"},\"sameAs\":[\"https:\/\/www.facebook.com\/restartkvp\"]}]}<\/script>\n<!-- \/ Yoast SEO plugin. -->","yoast_head_json":{"title":"Restart Caff\u00e9 KVP - Restart Caff\u00e9 KVP","description":"restart caffe KVP, GLS parcel shop KVP","robots":{"index":"index","follow":"follow","max-snippet":"max-snippet:-1","max-image-preview":"max-image-preview:large","max-video-preview":"max-video-preview:-1"},"canonical":"https:\/\/www.restartcafe.sk\/","og_locale":"sk_SK","og_type":"article","og_title":"Restart Caff\u00e9 KVP - Restart Caff\u00e9 KVP","og_description":"restart caffe KVP, GLS parcel shop KVP","og_url":"https:\/\/www.restartcafe.sk\/","og_site_name":"Restart Caff\u00e9 KVP","article_publisher":"https:\/\/www.facebook.com\/restartkvp","article_modified_time":"2026-02-28T20:58:10+00:00","og_image":[{"width":2000,"height":2106,"url":"https:\/\/www.restartcafe.sk\/wp-content\/uploads\/2024\/03\/cropped-IMG_8614-scaled-1.jpeg","type":"image\/jpeg"}],"twitter_card":"summary_large_image","twitter_misc":{"Predpokladan\u00fd \u010das \u010d\u00edtania":"1 min\u00fata"},"schema":{"@context":"https:\/\/schema.org","@graph":[{"@type":"WebPage","@id":"https:\/\/www.restartcafe.sk\/","url":"https:\/\/www.restartcafe.sk\/","name":"Restart Caff\u00e9 KVP - Restart Caff\u00e9 KVP","isPartOf":{"@id":"https:\/\/www.restartcafe.sk\/#website"},"primaryImageOfPage":{"@id":"https:\/\/www.restartcafe.sk\/#primaryimage"},"image":{"@id":"https:\/\/www.restartcafe.sk\/#primaryimage"},"thumbnailUrl":"https:\/\/www.restartcafe.sk\/wp-content\/uploads\/2024\/03\/cropped-IMG_8614-scaled-1.jpeg","datePublished":"2023-10-30T23:24:28+00:00","dateModified":"2026-02-28T20:58:10+00:00","description":"restart caffe KVP, GLS parcel shop KVP","breadcrumb":{"@id":"https:\/\/www.restartcafe.sk\/#breadcrumb"},"inLanguage":"sk-SK","potentialAction":[{"@type":"ReadAction","target":["https:\/\/www.restartcafe.sk\/"]}]},{"@type":"ImageObject","inLanguage":"sk-SK","@id":"https:\/\/www.restartcafe.sk\/#primaryimage","url":"https:\/\/www.restartcafe.sk\/wp-content\/uploads\/2024\/03\/cropped-IMG_8614-scaled-1.jpeg","contentUrl":"https:\/\/www.restartcafe.sk\/wp-content\/uploads\/2024\/03\/cropped-IMG_8614-scaled-1.jpeg","width":2000,"height":2106},{"@type":"BreadcrumbList","@id":"https:\/\/www.restartcafe.sk\/#breadcrumb","itemListElement":[{"@type":"ListItem","position":1,"name":"Domovsk\u00e1 str\u00e1nka","item":"https:\/\/www.restartcafe.sk\/"},{"@type":"ListItem","position":2,"name":"Restart Caff\u00e9 KVP"}]},{"@type":"WebSite","@id":"https:\/\/www.restartcafe.sk\/#website","url":"https:\/\/www.restartcafe.sk\/","name":"Restart Caff\u00e9 KVP","description":"Vitajte v Restart Caff\u00e9 KVP","publisher":{"@id":"https:\/\/www.restartcafe.sk\/#organization"},"potentialAction":[{"@type":"SearchAction","target":{"@type":"EntryPoint","urlTemplate":"https:\/\/www.restartcafe.sk\/?s={search_term_string}"},"query-input":{"@type":"PropertyValueSpecification","valueRequired":true,"valueName":"search_term_string"}}],"inLanguage":"sk-SK"},{"@type":"Organization","@id":"https:\/\/www.restartcafe.sk\/#organization","name":"Restart Caff\u00e9 KVP","url":"https:\/\/www.restartcafe.sk\/","logo":{"@type":"ImageObject","inLanguage":"sk-SK","@id":"https:\/\/www.restartcafe.sk\/#\/schema\/logo\/image\/","url":"https:\/\/www.restartcafe.sk\/wp-content\/uploads\/2024\/02\/cropped-352560143_248666651106372_949789943028045419_n.jpg","contentUrl":"https:\/\/www.restartcafe.sk\/wp-content\/uploads\/2024\/02\/cropped-352560143_248666651106372_949789943028045419_n.jpg","width":250,"height":250,"caption":"Restart Caff\u00e9 KVP"},"image":{"@id":"https:\/\/www.restartcafe.sk\/#\/schema\/logo\/image\/"},"sameAs":["https:\/\/www.facebook.com\/restartkvp"]}]}},"_links":{"self":[{"href":"https:\/\/www.restartcafe.sk\/index.php\/wp-json\/wp\/v2\/pages\/9","targetHints":{"allow":["GET"]}}],"collection":[{"href":"https:\/\/www.restartcafe.sk\/index.php\/wp-json\/wp\/v2\/pages"}],"about":[{"href":"https:\/\/www.restartcafe.sk\/index.php\/wp-json\/wp\/v2\/types\/page"}],"author":[{"embeddable":true,"href":"https:\/\/www.restartcafe.sk\/index.php\/wp-json\/wp\/v2\/users\/1"}],"replies":[{"embeddable":true,"href":"https:\/\/www.restartcafe.sk\/index.php\/wp-json\/wp\/v2\/comments?post=9"}],"version-history":[{"count":42,"href":"https:\/\/www.restartcafe.sk\/index.php\/wp-json\/wp\/v2\/pages\/9\/revisions"}],"predecessor-version":[{"id":396,"href":"https:\/\/www.restartcafe.sk\/index.php\/wp-json\/wp\/v2\/pages\/9\/revisions\/396"}],"wp:featuredmedia":[{"embeddable":true,"href":"https:\/\/www.restartcafe.sk\/index.php\/wp-json\/wp\/v2\/media\/248"}],"wp:attachment":[{"href":"https:\/\/www.restartcafe.sk\/index.php\/wp-json\/wp\/v2\/media?parent=9"}],"curies":[{"name":"wp","href":"https:\/\/api.w.org\/{rel}","templated":true}]}}